{"id":5236,"date":"2023-11-28T11:03:43","date_gmt":"2023-11-28T09:03:43","guid":{"rendered":"https:\/\/tahkospa.fi\/front-page\/"},"modified":"2025-11-10T11:32:39","modified_gmt":"2025-11-10T09:32:39","slug":"front-page","status":"publish","type":"page","link":"https:\/\/tahkospa.fi\/en\/","title":{"rendered":"Tahko Spa Hotel"},"content":{"rendered":"<div class=\"n2_clear\"><ss3-force-full-width data-overflow-x=\"body\" data-horizontal-selector=\"body\"><div class=\"n2-section-smartslider fitvidsignore  n2_clear\" data-ssid=\"35\"><div id=\"n2-ss-35-align\" class=\"n2-ss-align\"><div class=\"n2-padding\"><div id=\"n2-ss-35\" data-creator=\"Smart Slider 3\" data-responsive=\"fullwidth\" class=\"n2-ss-slider n2-ow n2-has-hover n2notransition  \">\n        <div class=\"n2-ss-slider-1 n2_ss__touch_element n2-ow\">\n            <div class=\"n2-ss-slider-2 n2-ow\">\n                                                <div class=\"n2-ss-slider-3 n2-ow\">\n\n                    <div class=\"n2-ss-slide-backgrounds n2-ow-all\"><div class=\"n2-ss-slide-background\" data-public-id=\"1\" data-mode=\"fill\"><div class=\"n2-ss-slide-background-image\" data-blur=\"0\" data-opacity=\"100\" data-x=\"47\" data-y=\"52\" data-alt=\"\" data-title=\"\" style=\"--ss-o-pos-x:47%;--ss-o-pos-y:52%\"><picture class=\"skip-lazy\" data-skip-lazy=\"1\"><img decoding=\"async\" src=\"\/\/tahkospa.fi\/wp-content\/uploads\/2025\/04\/Tahko_Sunrising-1-scaled.jpg\" alt=\"\" title=\"\" loading=\"lazy\" class=\"skip-lazy\" data-skip-lazy=\"1\"><\/picture><\/div><div data-color=\"RGBA(254,255,148,0.06)\" style=\"background-color: RGBA(254,255,148,0.06);\" class=\"n2-ss-slide-background-color\" data-overlay=\"1\"><\/div><\/div><div class=\"n2-ss-slide-background\" data-public-id=\"2\" data-mode=\"fill\" aria-hidden=\"true\"><div class=\"n2-ss-slide-background-image\" data-blur=\"0\" data-opacity=\"100\" data-x=\"51\" data-y=\"67\" data-alt=\"\" data-title=\"\" style=\"--ss-o-pos-x:51%;--ss-o-pos-y:67%\"><picture class=\"skip-lazy\" data-skip-lazy=\"1\"><img decoding=\"async\" src=\"\/\/tahkospa.fi\/wp-content\/uploads\/2025\/01\/TahkoSpa_SuitesGreen_Tammikuu_2025-15-scaled.jpg\" alt=\"\" title=\"\" loading=\"lazy\" class=\"skip-lazy\" data-skip-lazy=\"1\"><\/picture><\/div><div data-color=\"RGBA(254,255,148,0.06)\" style=\"background-color: RGBA(254,255,148,0.06);\" class=\"n2-ss-slide-background-color\" data-overlay=\"1\"><\/div><\/div><\/div>                    <div class=\"n2-ss-slider-4 n2-ow\">\n                        <svg xmlns=\"http:\/\/www.w3.org\/2000\/svg\" viewBox=\"0 0 1200 600\" data-related-device=\"desktopPortrait\" class=\"n2-ow n2-ss-preserve-size n2-ss-preserve-size--slider n2-ss-slide-limiter\"><\/svg><div data-first=\"1\" data-slide-duration=\"0\" data-id=\"517\" data-slide-public-id=\"1\" data-title=\"Tahko_Centrum_summer_2019 airphoto_2\" class=\"n2-ss-slide n2-ow  n2-ss-slide-517\"><div role=\"note\" class=\"n2-ss-slide--focus\" tabindex=\"-1\">Tahko_Centrum_summer_2019 airphoto_2<\/div><div class=\"n2-ss-layers-container n2-ss-slide-limiter n2-ow\"><div class=\"n2-ss-layer n2-ow n-uc-YlaDPAR9vqom\" data-sstype=\"slide\" data-pm=\"default\"><div class=\"n2-ss-layer n2-ow n-uc-YNWzVlxDM2lg\" data-pm=\"default\" data-sstype=\"content\" data-hasbackground=\"0\"><div class=\"n2-ss-section-main-content n2-ss-layer-with-background n2-ss-layer-content n2-ow n-uc-YNWzVlxDM2lg-inner\"><div class=\"n2-ss-layer n2-ow n-uc-8afOQ5BRPtwi\" data-pm=\"normal\" data-hidetabletportrait=\"1\" data-sstype=\"layer\"><div id=\"n2-ss-35item1\" class=\"n2-font-2e648dd810de20a949501131cef43f38-hover n2-style-f8293b450b12ef15d5c4ff97a617a3e3-heading   n2-ss-item-content n2-ss-text n2-ow\" style=\"display:block;\">Unforgettable vacations<\/div><\/div><div class=\"n2-ss-layer n2-ow n-uc-pc3bEvBuiCjO\" data-pm=\"normal\" data-sstype=\"layer\"><div class=\"n2-ss-item-content n2-ss-text n2-ow-all\"><div class=\"\"><p class=\"n2-font-4f3e7afcf5244c513585e5ac1970aa10-paragraph   \">Experience the best of Tahko \u2013 stay centrally, relax in our modern apartments,<br \/>\nand enjoy all the activities at Tahko Spa<\/p>\n<\/div><\/div><\/div><div class=\"n2-ss-layer n2-ow n-uc-DolO6HV5I7Vm\" data-pm=\"normal\" data-sstype=\"layer\"><div class=\"n2-ss-item-content n2-ss-text n2-ow-all\"><div class=\"\"><\/div><\/div><\/div><div class=\"n2-ss-layer n2-ow n-uc-a0FT5ghdb5Va n2-ss-layer--auto\" data-pm=\"normal\" data-sstype=\"layer\"><div class=\"n2-ss-button-container n2-ss-item-content n2-ow n2-font-8993f17cae84d47645cee25498ebfb1e-link  n2-ss-nowrap n2-ss-button-container--non-full-width\"><a class=\"n2-style-8a1401720fa9072fc3c3970ac9ea14a8-heading  n2-ow \" target=\"_blank\" href=\"https:\/\/book.tahkospa.fi\/\"><div><div>Book your stay<\/div><\/div><\/a><\/div><\/div><\/div><\/div><\/div><\/div><\/div><div data-slide-duration=\"0\" data-id=\"432\" data-slide-public-id=\"2\" aria-hidden=\"true\" data-title=\"Tahko_Centrum_summer_2019 airphoto_2\" class=\"n2-ss-slide n2-ow  n2-ss-slide-432\"><div role=\"note\" class=\"n2-ss-slide--focus\" tabindex=\"-1\">Tahko_Centrum_summer_2019 airphoto_2<\/div><div class=\"n2-ss-layers-container n2-ss-slide-limiter n2-ow\"><div class=\"n2-ss-layer n2-ow n-uc-dKm0YUrhRG8G\" data-sstype=\"slide\" data-pm=\"default\"><div class=\"n2-ss-layer n2-ow n-uc-KpBbrXvw1rJg\" data-pm=\"default\" data-sstype=\"content\" data-hasbackground=\"0\"><div class=\"n2-ss-section-main-content n2-ss-layer-with-background n2-ss-layer-content n2-ow n-uc-KpBbrXvw1rJg-inner\"><div class=\"n2-ss-layer n2-ow n-uc-l3DowJB3FHMx\" data-pm=\"normal\" data-sstype=\"layer\"><div id=\"n2-ss-35item5\" class=\"n2-font-2d7efad285abef756e7f1a7a13f2260c-hover   n2-ss-item-content n2-ss-text n2-ow\" style=\"display:block;\">Modern apartments, comfortable stays<\/div><\/div><div class=\"n2-ss-layer n2-ow n-uc-miY10px7xJmU\" data-pm=\"normal\" data-sstype=\"layer\"><div class=\"n2-ss-item-content n2-ss-text n2-ow-all\"><div class=\"\"><p class=\"n2-font-29e473d64bf3f65477035e6900ad0953-paragraph   \">Stay in the heart of Tahko<\/p>\n<\/div><\/div><\/div><div class=\"n2-ss-layer n2-ow n-uc-SvXTE8hehv0R n2-ss-layer--auto\" data-pm=\"normal\" data-sstype=\"layer\"><div class=\"n2-ss-button-container n2-ss-item-content n2-ow n2-font-8993f17cae84d47645cee25498ebfb1e-link  n2-ss-nowrap n2-ss-button-container--non-full-width\"><a class=\"n2-style-8a1401720fa9072fc3c3970ac9ea14a8-heading  n2-ow \" href=\"https:\/\/cloud.hotellinx.com\/NetReservationsTahkoSpa\/Rooms\/Index\"><div><div>Discover our apartments<\/div><\/div><\/a><\/div><\/div><\/div><\/div><\/div><\/div><\/div>                    <\/div>\n\n                                    <\/div>\n            <\/div>\n        <\/div>\n        <\/div><ss3-loader><\/ss3-loader><\/div><\/div><div class=\"n2_clear\"><\/div><\/div><\/ss3-force-full-width><\/div>\n\n\n<div class=\"wp-block-uagb-container uagb-block-f93737ee alignfull uagb-is-root-container\"><div class=\"uagb-container-inner-blocks-wrap\">\n<div class=\"wp-block-group\"><div class=\"wp-block-group__inner-container is-layout-constrained wp-block-group-is-layout-constrained\">\n<div class=\"wp-block-uagb-container uagb-block-on1wporw alignwide uagb-is-root-container\">\n<div class=\"wp-block-uagb-container uagb-block-rqnxvf0x\">\n<div class=\"wp-block-uagb-info-box uagb-block-jnhhpywo uagb-infobox__content-wrap  uagb-infobox-icon-above-title uagb-infobox-image-valign-top\"><div class=\"uagb-ifb-content\"><div class=\"uagb-ifb-title-wrap\"><p class=\"uagb-ifb-title-prefix\">Tahko Spa Suites<\/p><h1 class=\"uagb-ifb-title\">Comfortable stays in<br>the heart of Tahko<\/h1><\/div><p class=\"uagb-ifb-desc\">Enjoy our spacious and cozy apartments with your own Finnish sauna, fully-equipped kitchen and terrace. <\/p><\/div><\/div>\n\n\n\n<div class=\"wp-block-uagb-buttons uagb-buttons__outer-wrap uagb-btn__default-btn uagb-btn-tablet__default-btn uagb-btn-mobile__default-btn uagb-block-vk6pwwdj\"><div class=\"uagb-buttons__wrap uagb-buttons-layout-wrap \">\n<div class=\"wp-block-uagb-buttons-child uagb-buttons__outer-wrap uagb-block-vuwrhyr0 wp-block-button\"><div class=\"uagb-button__wrapper\"><a class=\"uagb-buttons-repeater wp-block-button__link\" aria-label=\"\" href=\"https:\/\/book.tahkospa.fi\/home\" rel=\"follow noopener\" target=\"_blank\" role=\"button\"><div class=\"uagb-button__link\">Book your stay<\/div><\/a><\/div><\/div>\n<\/div><\/div>\n<\/div>\n\n\n\n<div class=\"wp-block-uagb-image alignleft uagb-block-pjrpgzip wp-block-uagb-image--layout-default wp-block-uagb-image--effect-static wp-block-uagb-image--align-left\"><figure class=\"wp-block-uagb-image__figure\"><img decoding=\"async\" data-srcset=\"https:\/\/tahkospa.fi\/wp-content\/uploads\/2025\/01\/TahkoSpa_SuitesGreen_Tammikuu_2025-15-1-3900x2600.jpg ,https:\/\/tahkospa.fi\/wp-content\/uploads\/2025\/01\/TahkoSpa_SuitesGreen_Tammikuu_2025-15-1-scaled.jpg 780w, https:\/\/tahkospa.fi\/wp-content\/uploads\/2025\/01\/TahkoSpa_SuitesGreen_Tammikuu_2025-15-1-scaled.jpg 360w\" data-sizes=\"auto, (max-width: 480px) 150px\" data-src=\"https:\/\/tahkospa.fi\/wp-content\/uploads\/2025\/01\/TahkoSpa_SuitesGreen_Tammikuu_2025-15-1-3900x2600.jpg\" alt=\"\" class=\"uag-image-9453 lazyload\" width=\"600\" height=\"500\" title=\"TahkoSpa_SuitesGreen_Tammikuu_2025-15 (1)\" role=\"img\" src=\"data:image\/svg+xml;base64,PHN2ZyB3aWR0aD0iMSIgaGVpZ2h0PSIxIiB4bWxucz0iaHR0cDovL3d3dy53My5vcmcvMjAwMC9zdmciPjwvc3ZnPg==\" style=\"--smush-placeholder-width: 600px; --smush-placeholder-aspect-ratio: 600\/500;\" \/><\/figure><\/div>\n<\/div>\n\n\n\n<div class=\"wp-block-uagb-container uagb-block-6d15d061 alignwide uagb-is-root-container\">\n<div class=\"wp-block-uagb-image alignleft uagb-block-04b575d4 wp-block-uagb-image--layout-default wp-block-uagb-image--effect-static wp-block-uagb-image--align-left\"><figure class=\"wp-block-uagb-image__figure\"><img decoding=\"async\" data-srcset=\"https:\/\/tahkospa.fi\/wp-content\/uploads\/2025\/09\/IMG_2181.jpg ,https:\/\/tahkospa.fi\/wp-content\/uploads\/2025\/09\/IMG_2181.jpg 780w, https:\/\/tahkospa.fi\/wp-content\/uploads\/2025\/09\/IMG_2181.jpg 360w\" data-sizes=\"auto, (max-width: 480px) 150px\" data-src=\"https:\/\/tahkospa.fi\/wp-content\/uploads\/2025\/09\/IMG_2181.jpg\" alt=\"\" class=\"uag-image-11462 lazyload\" width=\"600\" height=\"500\" title=\"IMG_2181\" role=\"img\" src=\"data:image\/svg+xml;base64,PHN2ZyB3aWR0aD0iMSIgaGVpZ2h0PSIxIiB4bWxucz0iaHR0cDovL3d3dy53My5vcmcvMjAwMC9zdmciPjwvc3ZnPg==\" style=\"--smush-placeholder-width: 600px; --smush-placeholder-aspect-ratio: 600\/500;\" \/><\/figure><\/div>\n\n\n\n<div class=\"wp-block-uagb-container uagb-block-ea5d1917\">\n<div class=\"wp-block-uagb-info-box uagb-block-367be7b4 uagb-infobox__content-wrap  uagb-infobox-icon-above-title uagb-infobox-image-valign-top\"><div class=\"uagb-ifb-content\"><div class=\"uagb-ifb-title-wrap\"><p class=\"uagb-ifb-title-prefix\">Exciting adventures<\/p><h1 class=\"uagb-ifb-title\">Dreamy holidays in the middle of Finland.<\/h1><\/div><p class=\"uagb-ifb-desc\">Tahko is a must-visit destination in Finland, offering <em>breathtaking lake views, a central location in Finland, and endless activities all year round. <\/em>Nestled by the stunning Tahko Mountain and Lake Syv\u00e4ri, it\u2019s the perfect place for relaxation and adventure alike.<\/p><\/div><\/div>\n\n\n\n<div class=\"wp-block-uagb-buttons uagb-buttons__outer-wrap uagb-btn__default-btn uagb-btn-tablet__default-btn uagb-btn-mobile__default-btn uagb-block-3030d52f\"><div class=\"uagb-buttons__wrap uagb-buttons-layout-wrap \">\n<div class=\"wp-block-uagb-buttons-child uagb-buttons__outer-wrap uagb-block-9345453c wp-block-button\"><div class=\"uagb-button__wrapper\"><a class=\"uagb-buttons-repeater wp-block-button__link\" aria-label=\"\" href=\"https:\/\/tahkospa.fi\/en\/experiences\/\" rel=\"follow noopener\" target=\"_blank\" role=\"button\"><div class=\"uagb-button__link\">Discover adventures<\/div><\/a><\/div><\/div>\n<\/div><\/div>\n<\/div>\n<\/div>\n\n\n\n<div class=\"wp-block-uagb-container uagb-block-748a5099 alignwide uagb-is-root-container\">\n<div class=\"wp-block-uagb-container uagb-block-e1438a62\">\n<div class=\"wp-block-uagb-info-box uagb-block-88b3881e uagb-infobox__content-wrap  uagb-infobox-icon-above-title uagb-infobox-image-valign-top\"><div class=\"uagb-ifb-content\"><div class=\"uagb-ifb-title-wrap\"><p class=\"uagb-ifb-title-prefix\">And definitely worth it<\/p><h1 class=\"uagb-ifb-title\">Tahko is easy destination to get to from anywhere!<\/h1><\/div><p class=\"uagb-ifb-desc\"><strong>By Air:<\/strong> Neareast Airport Kuopio (45 min drive away) &#8211; taxis and rental cars available.<br><strong>By Car: <\/strong>Helsinki &#8211; Tahkovuori (5 h 20 min drive) &#8211; discover Finland with a roadtrip to Tahkovuori. We can recommend good pitstops!<br><strong>By Train: <\/strong>Closest stop Siilij\u00e4rvi (40 min drive away) &#8211; taxis available.<\/p><\/div><\/div>\n<\/div>\n\n\n\n<div class=\"wp-block-uagb-image alignleft uagb-block-6f6c9fd7 wp-block-uagb-image--layout-default wp-block-uagb-image--effect-static wp-block-uagb-image--align-left\"><figure class=\"wp-block-uagb-image__figure\"><img decoding=\"async\" data-srcset=\"https:\/\/tahkospa.fi\/wp-content\/uploads\/2025\/08\/revontuli-1950x2600.jpg ,https:\/\/tahkospa.fi\/wp-content\/uploads\/2025\/08\/revontuli-scaled.jpg 780w, https:\/\/tahkospa.fi\/wp-content\/uploads\/2025\/08\/revontuli-scaled.jpg 360w\" data-sizes=\"auto, (max-width: 480px) 150px\" data-src=\"https:\/\/tahkospa.fi\/wp-content\/uploads\/2025\/08\/revontuli-1950x2600.jpg\" alt=\"\" class=\"uag-image-11299 lazyload\" width=\"600\" height=\"500\" title=\"revontuli\" role=\"img\" src=\"data:image\/svg+xml;base64,PHN2ZyB3aWR0aD0iMSIgaGVpZ2h0PSIxIiB4bWxucz0iaHR0cDovL3d3dy53My5vcmcvMjAwMC9zdmciPjwvc3ZnPg==\" style=\"--smush-placeholder-width: 600px; --smush-placeholder-aspect-ratio: 600\/500;\" \/><\/figure><\/div>\n<\/div>\n<\/div><\/div>\n<\/div><\/div>\n\n\n<section class=\"gutentor-post-module section-ea676f63-864c-4085-935b-a6697d658f43 gutentor-post-module-p1 gutentor_p1_template5 wp-block-gutentor-p1 fp-article-boxes  has-color-bg has-custom-bg  d-lg-none d-md-none d-none gutentor-blog-grid\" id=\"ea676f63-864c-4085-935b-a6697d658f43\" data-gbid=\"ea676f63-864c-4085-935b-a6697d658f43\">\n<div class='grid-container'><div class='grid-row'><article class='gutentor-post  grid-lg-4 grid-md-12 grid-12  text-align-center-mobile'><div class='gutentor-post-item gptm-item'><div class='gptm-bg-image gptm-item-height  g-pos-center-cont-m g-pos-center-cont-t g-pos-center-cont-d lazyload' style=\"background-image:inherit\" data-bg-image=\"url(&#039;https:\/\/tahkospa.fi\/wp-content\/uploads\/2025\/09\/TMR_IDE_DAY1-111-scaled.jpg&#039;)\"><div class=\"gutentor-post-content \"><h3 class=\"gutentor-post-title\"><a href=\"https:\/\/tahkospa.fi\/en\/uutuus-tahkon-talveen-jaaajoelamys-tommi-makinen-racingin-kanssa\/\" rel=\"bookmark\">Uutuus Tahkon talveen: J\u00e4\u00e4ajoel\u00e4mys Tommi M\u00e4kinen Racingin kanssa!<\/a><\/h3><a class=\"gutentor-button gutentor-post-button\" href=\"https:\/\/tahkospa.fi\/en\/uutuus-tahkon-talveen-jaaajoelamys-tommi-makinen-racingin-kanssa\/\"><span>Read more<\/span><\/a><\/div><\/div><\/div><\/article><article class='gutentor-post gutentor-post-no-thumb  grid-lg-4 grid-md-12 grid-12  text-align-center-mobile'><div class='gutentor-post-item gptm-item'><div class='gptm-item-height  g-pos-center-cont-m g-pos-center-cont-t g-pos-center-cont-d'><div class=\"gutentor-post-content\"><h3 class=\"gutentor-post-title\"><a href=\"https:\/\/tahkospa.fi\/en\/homepage\/\" rel=\"bookmark\">Homepage<\/a><\/h3><a class=\"gutentor-button gutentor-post-button\" href=\"https:\/\/tahkospa.fi\/en\/homepage\/\"><span>Read more<\/span><\/a><\/div><\/div><\/div><\/article><\/div><\/div><\/section>","protected":false},"excerpt":{"rendered":"","protected":false},"author":1,"featured_media":0,"parent":0,"menu_order":0,"comment_status":"closed","ping_status":"closed","template":"","meta":{"_uag_custom_page_level_css":"","_monsterinsights_skip_tracking":false,"_monsterinsights_sitenote_active":false,"_monsterinsights_sitenote_note":"","_monsterinsights_sitenote_category":0,"_uf_show_specific_survey":0,"_uf_disable_surveys":false,"cybocfi_hide_featured_image":"","footnotes":""},"class_list":["post-5236","page","type-page","status-publish"],"aioseo_notices":[],"uagb_featured_image_src":{"full":false,"thumbnail":false,"medium":false,"medium_large":false,"large":false,"1536x1536":false,"2048x2048":false},"uagb_author_info":{"display_name":"tahkospa_admin","author_link":"https:\/\/tahkospa.fi\/en\/author\/tahkospa_admin\/"},"uagb_comment_info":0,"uagb_excerpt":null,"_links":{"self":[{"href":"https:\/\/tahkospa.fi\/en\/wp-json\/wp\/v2\/pages\/5236","targetHints":{"allow":["GET"]}}],"collection":[{"href":"https:\/\/tahkospa.fi\/en\/wp-json\/wp\/v2\/pages"}],"about":[{"href":"https:\/\/tahkospa.fi\/en\/wp-json\/wp\/v2\/types\/page"}],"author":[{"embeddable":true,"href":"https:\/\/tahkospa.fi\/en\/wp-json\/wp\/v2\/users\/1"}],"replies":[{"embeddable":true,"href":"https:\/\/tahkospa.fi\/en\/wp-json\/wp\/v2\/comments?post=5236"}],"version-history":[{"count":7,"href":"https:\/\/tahkospa.fi\/en\/wp-json\/wp\/v2\/pages\/5236\/revisions"}],"predecessor-version":[{"id":12327,"href":"https:\/\/tahkospa.fi\/en\/wp-json\/wp\/v2\/pages\/5236\/revisions\/12327"}],"wp:attachment":[{"href":"https:\/\/tahkospa.fi\/en\/wp-json\/wp\/v2\/media?parent=5236"}],"curies":[{"name":"wp","href":"https:\/\/api.w.org\/{rel}","templated":true}]}}